{"id":411,"date":"2025-07-23T10:24:25","date_gmt":"2025-07-23T13:24:25","guid":{"rendered":"https:\/\/www.arthrom.com\/novo\/produto\/produto-37\/"},"modified":"2025-07-30T08:18:50","modified_gmt":"2025-07-30T11:18:50","slug":"protese-quadril-componente-acetabular-polietileno-cimentado-zca","status":"publish","type":"product","link":"https:\/\/www.arthrom.com\/novo\/produto\/protese-quadril-componente-acetabular-polietileno-cimentado-zca\/","title":{"rendered":"Componente Acetabular Polietileno Cimentado ZCA"},"content":{"rendered":"","protected":false},"excerpt":{"rendered":"<ul>\n<li>O\u00a0<strong>ZCA\u2122<\/strong>\u00a0\u00e9 um componente acetabular projetado especialmente para artroplastia total de quadril, apresentando excelente desempenho cl\u00ednico a longo prazo. Seu diferencial est\u00e1 na alta qualidade do polietileno e na adapta\u00e7\u00e3o para fixa\u00e7\u00e3o cimentada.<br \/>\n<hr \/>\n<p><strong>Principais Caracter\u00edsticas<\/strong><\/p>\n<ul>\n<li><strong>Material:<\/strong>\u00a0Polietileno de alta densidade e alto peso molecular (UHMWPE), que garante resist\u00eancia ao desgaste e durabilidade.<\/li>\n<li><strong>Fixa\u00e7\u00e3o cimentada:<\/strong>\u00a0Desenvolvido para uso com cimento \u00f3sseo PMMA, proporciona estabilidade inmediata e adequada distribui\u00e7\u00e3o de cargas.<\/li>\n<li><strong>Design anat\u00f4mico:<\/strong>\u00a0Facilita o posicionamento correto e amplia a \u00e1rea de contato, minimizando risco de luxa\u00e7\u00e3o.<\/li>\n<li><strong>Compatibilidade:<\/strong>\u00a0Adapt\u00e1vel a diversas cabe\u00e7as femorais e diferentes sistemas de haste, tornando-se uma op\u00e7\u00e3o vers\u00e1til em artroplastias.<\/li>\n<\/ul>\n<hr \/>\n<p><strong>Benef\u00edcios<\/strong><\/p>\n<ul>\n<li><strong>Seguran\u00e7a e confiabilidade cl\u00ednica<\/strong>\u00a0comprovadas por amplo uso internacional.<\/li>\n<li><strong>Redu\u00e7\u00e3o da taxa de desgaste articular<\/strong>\u00a0devido ao material de alta performance.<\/li>\n<li><strong>Facilidade de aplica\u00e7\u00e3o<\/strong>\u00a0em cirurgias tanto prim\u00e1rias quanto de revis\u00e3o.<\/li>\n<li><strong>Amplamente compat\u00edvel<\/strong>\u00a0com t\u00e9cnicas tradicionais de cimenta\u00e7\u00e3o.<\/li>\n<\/ul>\n<\/li>\n<\/ul>\n<p><!-- notionvc: c1f0ab6f-3459-439c-b014-1b82abf5ece1 --><\/p>\n","protected":false},"featured_media":528,"template":"","meta":{"site-sidebar-layout":"default","site-content-layout":"","ast-site-content-layout":"default","site-content-style":"default","site-sidebar-style":"default","ast-global-header-display":"","ast-banner-title-visibility":"","ast-main-header-display":"","ast-hfb-above-header-display":"","ast-hfb-below-header-display":"","ast-hfb-mobile-header-display":"","site-post-title":"","ast-breadcrumbs-content":"","ast-featured-img":"","footer-sml-layout":"","ast-disable-related-posts":"","theme-transparent-header-meta":"default","adv-header-id-meta":"","stick-header-meta":"","header-above-stick-meta":"","header-main-stick-meta":"","header-below-stick-meta":"","astra-migrate-meta-layouts":"set","ast-page-background-enabled":"default","ast-page-background-meta":{"desktop":{"background-color":"","background-image":"","background-repeat":"repeat","background-position":"center center","background-size":"auto","background-attachment":"scroll","background-type":"","background-media":"","overlay-type":"","overlay-color":"","overlay-opacity":"","overlay-gradient":""},"tablet":{"background-color":"","background-image":"","background-repeat":"repeat","background-position":"center center","background-size":"auto","background-attachment":"scroll","background-type":"","background-media":"","overlay-type":"","overlay-color":"","overlay-opacity":"","overlay-gradient":""},"mobile":{"background-color":"","background-image":"","background-repeat":"repeat","background-position":"center center","background-size":"auto","background-attachment":"scroll","background-type":"","background-media":"","overlay-type":"","overlay-color":"","overlay-opacity":"","overlay-gradient":""}},"ast-content-background-meta":{"desktop":{"background-color":"var(--ast-global-color-5)","background-image":"","background-repeat":"repeat","background-position":"center center","background-size":"auto","background-attachment":"scroll","background-type":"","background-media":"","overlay-type":"","overlay-color":"","overlay-opacity":"","overlay-gradient":""},"tablet":{"background-color":"var(--ast-global-color-5)","background-image":"","background-repeat":"repeat","background-position":"center center","background-size":"auto","background-attachment":"scroll","background-type":"","background-media":"","overlay-type":"","overlay-color":"","overlay-opacity":"","overlay-gradient":""},"mobile":{"background-color":"var(--ast-global-color-5)","background-image":"","background-repeat":"repeat","background-position":"center center","background-size":"auto","background-attachment":"scroll","background-type":"","background-media":"","overlay-type":"","overlay-color":"","overlay-opacity":"","overlay-gradient":""}}},"product_brand":[],"product_cat":[98],"product_tag":[],"class_list":{"0":"post-411","1":"product","2":"type-product","3":"status-publish","4":"has-post-thumbnail","6":"product_cat-quadril","7":"desktop-align-left","8":"tablet-align-left","9":"mobile-align-left","11":"first","12":"instock","13":"shipping-taxable","14":"product-type-simple"},"_links":{"self":[{"href":"https:\/\/www.arthrom.com\/novo\/wp-json\/wp\/v2\/product\/411","targetHints":{"allow":["GET"]}}],"collection":[{"href":"https:\/\/www.arthrom.com\/novo\/wp-json\/wp\/v2\/product"}],"about":[{"href":"https:\/\/www.arthrom.com\/novo\/wp-json\/wp\/v2\/types\/product"}],"wp:featuredmedia":[{"embeddable":true,"href":"https:\/\/www.arthrom.com\/novo\/wp-json\/wp\/v2\/media\/528"}],"wp:attachment":[{"href":"https:\/\/www.arthrom.com\/novo\/wp-json\/wp\/v2\/media?parent=411"}],"wp:term":[{"taxonomy":"product_brand","embeddable":true,"href":"https:\/\/www.arthrom.com\/novo\/wp-json\/wp\/v2\/product_brand?post=411"},{"taxonomy":"product_cat","embeddable":true,"href":"https:\/\/www.arthrom.com\/novo\/wp-json\/wp\/v2\/product_cat?post=411"},{"taxonomy":"product_tag","embeddable":true,"href":"https:\/\/www.arthrom.com\/novo\/wp-json\/wp\/v2\/product_tag?post=411"}],"curies":[{"name":"wp","href":"https:\/\/api.w.org\/{rel}","templated":true}]}}