{"id":409,"date":"2025-07-23T10:24:24","date_gmt":"2025-07-23T13:24:24","guid":{"rendered":"https:\/\/www.arthrom.com\/novo\/produto\/produto-36\/"},"modified":"2025-07-30T08:19:24","modified_gmt":"2025-07-30T11:19:24","slug":"protese-quadril-sistema-acetabular-de-dupla-mobilidade-g7","status":"publish","type":"product","link":"https:\/\/www.arthrom.com\/novo\/produto\/protese-quadril-sistema-acetabular-de-dupla-mobilidade-g7\/","title":{"rendered":"Sistema Acetabular de Dupla Mobilidade G7"},"content":{"rendered":"","protected":false},"excerpt":{"rendered":"<ul>\n<li>O\u00a0<strong>Sistema Acetabular de Dupla Mobilidade G7\u2122<\/strong>\u00a0foi projetado para aumentar a estabilidade e reduzir o risco de luxa\u00e7\u00e3o em pr\u00f3teses totais de quadril, especialmente em pacientes de alto risco, como idosos, obesos, pacientes neurol\u00f3gicos e em cirurgias de revis\u00e3o.<br \/>\n<hr \/>\n<p><strong>Principais Caracter\u00edsticas e Diferenciais<\/strong><\/p>\n<ul>\n<li><strong>Dupla Mobilidade:<\/strong>\u00a0Duas superf\u00edcies de movimento \u2014 um componente de polietileno m\u00f3vel no interior do copo acetabular met\u00e1lico, articulando com a cabe\u00e7a femoral. Isso aumenta a amplitude de movimento e dificulta luxa\u00e7\u00f5es.<\/li>\n<li><strong>Design Modular:<\/strong>\u00a0Adapt\u00e1vel \u00e0 maioria dos sistemas femorais modernos, inclusive da linha Zimmer Biomet.<\/li>\n<li><strong>Material:<\/strong>\n<ul>\n<li>Copo acetabular em liga de tit\u00e2nio de alta resist\u00eancia com superf\u00edcie porosa para facilitar a integra\u00e7\u00e3o \u00f3ssea.<\/li>\n<li>Inserto m\u00f3vel de polietileno de alta durabilidade.<\/li>\n<\/ul>\n<\/li>\n<li><strong>Fixa\u00e7\u00e3o prim\u00e1ria segura:<\/strong>\u00a0Pode ser implantado com ou sem parafusos, ajustando-se ao perfil \u00f3sseo do paciente.<\/li>\n<li><strong>Superf\u00edcie otimizada:<\/strong>\u00a0Favorece a osteointegra\u00e7\u00e3o e estabilidade do implante desde o p\u00f3s-operat\u00f3rio.<\/li>\n<\/ul>\n<p>&nbsp;<\/p>\n<hr \/>\n<p><strong>Benef\u00edcios<\/strong><\/p>\n<ul>\n<li>Redu\u00e7\u00e3o significativa no risco de luxa\u00e7\u00e3o p\u00f3s-operat\u00f3ria.<\/li>\n<li>Maior amplitude de movimento e seguran\u00e7a ao paciente.<\/li>\n<li>Versatilidade cir\u00fargica para diferentes perfis anat\u00f4micos e necessidades cl\u00ednicas.<\/li>\n<li>Hist\u00f3rico internacional e valida\u00e7\u00e3o em grandes centros ortop\u00e9dicos.<\/li>\n<\/ul>\n<p><!-- notionvc: 78c6f929-7f92-4295-b043-28a288d1dbe9 --><\/li>\n<\/ul>\n<p><!-- notionvc: 18c7c416-34a3-484b-b5e8-85daeb5369ab --><\/p>\n","protected":false},"featured_media":525,"template":"","meta":{"site-sidebar-layout":"default","site-content-layout":"","ast-site-content-layout":"default","site-content-style":"default","site-sidebar-style":"default","ast-global-header-display":"","ast-banner-title-visibility":"","ast-main-header-display":"","ast-hfb-above-header-display":"","ast-hfb-below-header-display":"","ast-hfb-mobile-header-display":"","site-post-title":"","ast-breadcrumbs-content":"","ast-featured-img":"","footer-sml-layout":"","ast-disable-related-posts":"","theme-transparent-header-meta":"default","adv-header-id-meta":"","stick-header-meta":"","header-above-stick-meta":"","header-main-stick-meta":"","header-below-stick-meta":"","astra-migrate-meta-layouts":"set","ast-page-background-enabled":"default","ast-page-background-meta":{"desktop":{"background-color":"","background-image":"","background-repeat":"repeat","background-position":"center center","background-size":"auto","background-attachment":"scroll","background-type":"","background-media":"","overlay-type":"","overlay-color":"","overlay-opacity":"","overlay-gradient":""},"tablet":{"background-color":"","background-image":"","background-repeat":"repeat","background-position":"center center","background-size":"auto","background-attachment":"scroll","background-type":"","background-media":"","overlay-type":"","overlay-color":"","overlay-opacity":"","overlay-gradient":""},"mobile":{"background-color":"","background-image":"","background-repeat":"repeat","background-position":"center center","background-size":"auto","background-attachment":"scroll","background-type":"","background-media":"","overlay-type":"","overlay-color":"","overlay-opacity":"","overlay-gradient":""}},"ast-content-background-meta":{"desktop":{"background-color":"var(--ast-global-color-5)","background-image":"","background-repeat":"repeat","background-position":"center center","background-size":"auto","background-attachment":"scroll","background-type":"","background-media":"","overlay-type":"","overlay-color":"","overlay-opacity":"","overlay-gradient":""},"tablet":{"background-color":"var(--ast-global-color-5)","background-image":"","background-repeat":"repeat","background-position":"center center","background-size":"auto","background-attachment":"scroll","background-type":"","background-media":"","overlay-type":"","overlay-color":"","overlay-opacity":"","overlay-gradient":""},"mobile":{"background-color":"var(--ast-global-color-5)","background-image":"","background-repeat":"repeat","background-position":"center center","background-size":"auto","background-attachment":"scroll","background-type":"","background-media":"","overlay-type":"","overlay-color":"","overlay-opacity":"","overlay-gradient":""}}},"product_brand":[],"product_cat":[98],"product_tag":[],"class_list":{"0":"post-409","1":"product","2":"type-product","3":"status-publish","4":"has-post-thumbnail","6":"product_cat-quadril","7":"desktop-align-left","8":"tablet-align-left","9":"mobile-align-left","11":"first","12":"instock","13":"shipping-taxable","14":"product-type-simple"},"_links":{"self":[{"href":"https:\/\/www.arthrom.com\/novo\/wp-json\/wp\/v2\/product\/409","targetHints":{"allow":["GET"]}}],"collection":[{"href":"https:\/\/www.arthrom.com\/novo\/wp-json\/wp\/v2\/product"}],"about":[{"href":"https:\/\/www.arthrom.com\/novo\/wp-json\/wp\/v2\/types\/product"}],"wp:featuredmedia":[{"embeddable":true,"href":"https:\/\/www.arthrom.com\/novo\/wp-json\/wp\/v2\/media\/525"}],"wp:attachment":[{"href":"https:\/\/www.arthrom.com\/novo\/wp-json\/wp\/v2\/media?parent=409"}],"wp:term":[{"taxonomy":"product_brand","embeddable":true,"href":"https:\/\/www.arthrom.com\/novo\/wp-json\/wp\/v2\/product_brand?post=409"},{"taxonomy":"product_cat","embeddable":true,"href":"https:\/\/www.arthrom.com\/novo\/wp-json\/wp\/v2\/product_cat?post=409"},{"taxonomy":"product_tag","embeddable":true,"href":"https:\/\/www.arthrom.com\/novo\/wp-json\/wp\/v2\/product_tag?post=409"}],"curies":[{"name":"wp","href":"https:\/\/api.w.org\/{rel}","templated":true}]}}