{"id":404,"date":"2025-07-23T10:24:21","date_gmt":"2025-07-23T13:24:21","guid":{"rendered":"https:\/\/www.arthrom.com\/novo\/produto\/ancoras-em-peek-sem-no-com-ilhos-fio-e-fita-para-ila-%c2%96-internal-ligament-augmentation-e-fastbridge-%c2%96-tecnica-double-row-no-tratamento-de-lesoes-e-reinsercao-tendineas\/"},"modified":"2025-07-30T07:37:37","modified_gmt":"2025-07-30T10:37:37","slug":"ancoras-fastlock","status":"publish","type":"product","link":"https:\/\/www.arthrom.com\/novo\/produto\/ancoras-fastlock\/","title":{"rendered":"\u00c2ncoras FastLock"},"content":{"rendered":"","protected":false},"excerpt":{"rendered":"<ul>\n<li>As \u00c2ncoras FastLock s\u00e3o solu\u00e7\u00f5es inovadoras para fixa\u00e7\u00e3o de tecidos moles em procedimentos ortop\u00e9dicos. Desenvolvidas com tecnologia avan\u00e7ada, oferecem seguran\u00e7a, praticidade e excelente desempenho na repara\u00e7\u00e3o de les\u00f5es, especialmente nas cirurgias do manguito rotador e demais procedimentos articulares.<br \/>\n<hr \/>\n<p><strong>Caracter\u00edsticas T\u00e9cnicas<\/strong><\/p>\n<ul>\n<li>Dispon\u00edveis em diferentes tamanhos para m\u00faltiplas aplica\u00e7\u00f5es<\/li>\n<li>Confeccionadas em materiais de alta resist\u00eancia biocompat\u00edvel (Peek ou tit\u00e2nio)<\/li>\n<li>Design auto-roscante que facilita a inser\u00e7\u00e3o e estabilidade do implante<\/li>\n<li>Sistema de sutura pr\u00e9-montada para agilidade no procedimento<\/li>\n<li>Fornecidas em vers\u00e3o absorv\u00edvel e n\u00e3o absorv\u00edvel<\/li>\n<\/ul>\n<hr \/>\n<p><strong>Benef\u00edcios e Diferenciais<\/strong><\/p>\n<ul>\n<li><strong>Fixa\u00e7\u00e3o segura:<\/strong> Minimiza o risco de soltura do implante<\/li>\n<li><strong>Aplica\u00e7\u00e3o r\u00e1pida e f\u00e1cil:<\/strong> Reduz tempo cir\u00fargico nos procedimentos<\/li>\n<li><strong>Versatilidade:<\/strong> Indicadas para diversas regi\u00f5es anat\u00f4micas e t\u00e9cnicas cir\u00fargicas<\/li>\n<li><strong>Materiais premium:<\/strong> Garante biocompatibilidade e menor rea\u00e7\u00e3o tecidual<\/li>\n<li><strong>Compatibilidade:<\/strong> Ampla variedade para diferentes necessidades cir\u00fargica<!-- notionvc: b432a69b-5d83-4883-8c27-4ccb42347f66 --><\/li>\n<\/ul>\n<\/li>\n<li><!-- notionvc: fb4464fc-89f4-4375-aa14-01796d4b4c20 --><\/li>\n<\/ul>\n","protected":false},"featured_media":512,"template":"","meta":{"site-sidebar-layout":"default","site-content-layout":"","ast-site-content-layout":"default","site-content-style":"default","site-sidebar-style":"default","ast-global-header-display":"","ast-banner-title-visibility":"","ast-main-header-display":"","ast-hfb-above-header-display":"","ast-hfb-below-header-display":"","ast-hfb-mobile-header-display":"","site-post-title":"","ast-breadcrumbs-content":"","ast-featured-img":"","footer-sml-layout":"","ast-disable-related-posts":"","theme-transparent-header-meta":"default","adv-header-id-meta":"","stick-header-meta":"","header-above-stick-meta":"","header-main-stick-meta":"","header-below-stick-meta":"","astra-migrate-meta-layouts":"set","ast-page-background-enabled":"default","ast-page-background-meta":{"desktop":{"background-color":"","background-image":"","background-repeat":"repeat","background-position":"center center","background-size":"auto","background-attachment":"scroll","background-type":"","background-media":"","overlay-type":"","overlay-color":"","overlay-opacity":"","overlay-gradient":""},"tablet":{"background-color":"","background-image":"","background-repeat":"repeat","background-position":"center center","background-size":"auto","background-attachment":"scroll","background-type":"","background-media":"","overlay-type":"","overlay-color":"","overlay-opacity":"","overlay-gradient":""},"mobile":{"background-color":"","background-image":"","background-repeat":"repeat","background-position":"center center","background-size":"auto","background-attachment":"scroll","background-type":"","background-media":"","overlay-type":"","overlay-color":"","overlay-opacity":"","overlay-gradient":""}},"ast-content-background-meta":{"desktop":{"background-color":"var(--ast-global-color-5)","background-image":"","background-repeat":"repeat","background-position":"center center","background-size":"auto","background-attachment":"scroll","background-type":"","background-media":"","overlay-type":"","overlay-color":"","overlay-opacity":"","overlay-gradient":""},"tablet":{"background-color":"var(--ast-global-color-5)","background-image":"","background-repeat":"repeat","background-position":"center center","background-size":"auto","background-attachment":"scroll","background-type":"","background-media":"","overlay-type":"","overlay-color":"","overlay-opacity":"","overlay-gradient":""},"mobile":{"background-color":"var(--ast-global-color-5)","background-image":"","background-repeat":"repeat","background-position":"center center","background-size":"auto","background-attachment":"scroll","background-type":"","background-media":"","overlay-type":"","overlay-color":"","overlay-opacity":"","overlay-gradient":""}}},"product_brand":[],"product_cat":[101,103,97,100],"product_tag":[],"class_list":{"0":"post-404","1":"product","2":"type-product","3":"status-publish","4":"has-post-thumbnail","6":"product_cat-joelho","7":"product_cat-mao","8":"product_cat-ombro-cotovelo","9":"product_cat-tornozelo","10":"desktop-align-left","11":"tablet-align-left","12":"mobile-align-left","14":"first","15":"instock","16":"shipping-taxable","17":"product-type-simple"},"_links":{"self":[{"href":"https:\/\/www.arthrom.com\/novo\/wp-json\/wp\/v2\/product\/404","targetHints":{"allow":["GET"]}}],"collection":[{"href":"https:\/\/www.arthrom.com\/novo\/wp-json\/wp\/v2\/product"}],"about":[{"href":"https:\/\/www.arthrom.com\/novo\/wp-json\/wp\/v2\/types\/product"}],"wp:featuredmedia":[{"embeddable":true,"href":"https:\/\/www.arthrom.com\/novo\/wp-json\/wp\/v2\/media\/512"}],"wp:attachment":[{"href":"https:\/\/www.arthrom.com\/novo\/wp-json\/wp\/v2\/media?parent=404"}],"wp:term":[{"taxonomy":"product_brand","embeddable":true,"href":"https:\/\/www.arthrom.com\/novo\/wp-json\/wp\/v2\/product_brand?post=404"},{"taxonomy":"product_cat","embeddable":true,"href":"https:\/\/www.arthrom.com\/novo\/wp-json\/wp\/v2\/product_cat?post=404"},{"taxonomy":"product_tag","embeddable":true,"href":"https:\/\/www.arthrom.com\/novo\/wp-json\/wp\/v2\/product_tag?post=404"}],"curies":[{"name":"wp","href":"https:\/\/api.w.org\/{rel}","templated":true}]}}