{"id":403,"date":"2025-07-23T10:24:21","date_gmt":"2025-07-23T13:24:21","guid":{"rendered":"https:\/\/www.arthrom.com\/novo\/produto\/produto-31\/"},"modified":"2025-08-11T15:00:55","modified_gmt":"2025-08-11T18:00:55","slug":"sistema-de-protese-de-ombro-comprehensive","status":"publish","type":"product","link":"https:\/\/www.arthrom.com\/novo\/produto\/sistema-de-protese-de-ombro-comprehensive\/","title":{"rendered":"Sistema de Pr\u00f3tese de Ombro Comprehensive"},"content":{"rendered":"","protected":false},"excerpt":{"rendered":"<ul>\n<li>O Sistema de Pr\u00f3tese de Ombro Comprehensive \u00e9 uma solu\u00e7\u00e3o avan\u00e7ada e modular para o tratamento de diversas patologias do ombro. Desenvolvido para proporcionar versatilidade cir\u00fargica com alta performance, atende desde procedimentos prim\u00e1rios at\u00e9 revis\u00f5es mais complexas, garantindo restaura\u00e7\u00e3o da fun\u00e7\u00e3o e redu\u00e7\u00e3o da dor.<strong>Caracter\u00edsticas T\u00e9cnicas<\/strong>\n<ul>\n<li>Sistema modular, projetado para m\u00faltiplas indica\u00e7\u00f5es cl\u00ednicas<\/li>\n<li>Componentes anat\u00f4micos e reversos para personaliza\u00e7\u00e3o do procedimento<\/li>\n<li>Fixa\u00e7\u00e3o prim\u00e1ria segura atrav\u00e9s de diversas op\u00e7\u00f5es de hastes e cabe\u00e7as<\/li>\n<li>Materiais biocompat\u00edveis para m\u00e1xima integra\u00e7\u00e3o e durabilidade<\/li>\n<li>Permite transi\u00e7\u00e3o intraoperat\u00f3ria entre diferentes configura\u00e7\u00f5es (anat\u00f4mica e reversa)<\/li>\n<\/ul>\n<hr \/>\n<p><strong>Benef\u00edcios e Diferenciais<\/strong><\/p>\n<ul>\n<li><strong>Versatilidade cir\u00fargica:<\/strong>\u00a0Adapta\u00e7\u00e3o a diferentes cen\u00e1rios anat\u00f4micos e tipos de les\u00f5es<\/li>\n<li><strong>Facilidade de uso:<\/strong>\u00a0Design intuitivo para montagem no ato cir\u00fargico<\/li>\n<li><strong>Resultados cl\u00ednicos superiores:<\/strong>\u00a0Restaura\u00e7\u00e3o eficiente da mobilidade e da fun\u00e7\u00e3o articular<\/li>\n<li><strong>Seguran\u00e7a:<\/strong>\u00a0Materiais de alta resist\u00eancia minimizam riscos de complica\u00e7\u00f5es<\/li>\n<li><strong>Compatibilidade:<\/strong>\u00a0Indicado para cirurgias prim\u00e1rias e de revis\u00e3o<\/li>\n<\/ul>\n<\/li>\n<\/ul>\n<p><!-- notionvc: 9f45385c-8104-4c92-be4f-3ce3365fa3b8 --><\/p>\n","protected":false},"featured_media":464,"template":"","meta":{"site-sidebar-layout":"default","site-content-layout":"","ast-site-content-layout":"default","site-content-style":"default","site-sidebar-style":"default","ast-global-header-display":"","ast-banner-title-visibility":"","ast-main-header-display":"","ast-hfb-above-header-display":"","ast-hfb-below-header-display":"","ast-hfb-mobile-header-display":"","site-post-title":"","ast-breadcrumbs-content":"","ast-featured-img":"","footer-sml-layout":"","ast-disable-related-posts":"","theme-transparent-header-meta":"default","adv-header-id-meta":"","stick-header-meta":"","header-above-stick-meta":"","header-main-stick-meta":"","header-below-stick-meta":"","astra-migrate-meta-layouts":"set","ast-page-background-enabled":"default","ast-page-background-meta":{"desktop":{"background-color":"","background-image":"","background-repeat":"repeat","background-position":"center center","background-size":"auto","background-attachment":"scroll","background-type":"","background-media":"","overlay-type":"","overlay-color":"","overlay-opacity":"","overlay-gradient":""},"tablet":{"background-color":"","background-image":"","background-repeat":"repeat","background-position":"center center","background-size":"auto","background-attachment":"scroll","background-type":"","background-media":"","overlay-type":"","overlay-color":"","overlay-opacity":"","overlay-gradient":""},"mobile":{"background-color":"","background-image":"","background-repeat":"repeat","background-position":"center center","background-size":"auto","background-attachment":"scroll","background-type":"","background-media":"","overlay-type":"","overlay-color":"","overlay-opacity":"","overlay-gradient":""}},"ast-content-background-meta":{"desktop":{"background-color":"var(--ast-global-color-5)","background-image":"","background-repeat":"repeat","background-position":"center center","background-size":"auto","background-attachment":"scroll","background-type":"","background-media":"","overlay-type":"","overlay-color":"","overlay-opacity":"","overlay-gradient":""},"tablet":{"background-color":"var(--ast-global-color-5)","background-image":"","background-repeat":"repeat","background-position":"center center","background-size":"auto","background-attachment":"scroll","background-type":"","background-media":"","overlay-type":"","overlay-color":"","overlay-opacity":"","overlay-gradient":""},"mobile":{"background-color":"var(--ast-global-color-5)","background-image":"","background-repeat":"repeat","background-position":"center center","background-size":"auto","background-attachment":"scroll","background-type":"","background-media":"","overlay-type":"","overlay-color":"","overlay-opacity":"","overlay-gradient":""}}},"product_brand":[],"product_cat":[97],"product_tag":[],"class_list":{"0":"post-403","1":"product","2":"type-product","3":"status-publish","4":"has-post-thumbnail","6":"product_cat-ombro-cotovelo","7":"desktop-align-left","8":"tablet-align-left","9":"mobile-align-left","11":"first","12":"instock","13":"shipping-taxable","14":"product-type-simple"},"_links":{"self":[{"href":"https:\/\/www.arthrom.com\/novo\/wp-json\/wp\/v2\/product\/403","targetHints":{"allow":["GET"]}}],"collection":[{"href":"https:\/\/www.arthrom.com\/novo\/wp-json\/wp\/v2\/product"}],"about":[{"href":"https:\/\/www.arthrom.com\/novo\/wp-json\/wp\/v2\/types\/product"}],"wp:featuredmedia":[{"embeddable":true,"href":"https:\/\/www.arthrom.com\/novo\/wp-json\/wp\/v2\/media\/464"}],"wp:attachment":[{"href":"https:\/\/www.arthrom.com\/novo\/wp-json\/wp\/v2\/media?parent=403"}],"wp:term":[{"taxonomy":"product_brand","embeddable":true,"href":"https:\/\/www.arthrom.com\/novo\/wp-json\/wp\/v2\/product_brand?post=403"},{"taxonomy":"product_cat","embeddable":true,"href":"https:\/\/www.arthrom.com\/novo\/wp-json\/wp\/v2\/product_cat?post=403"},{"taxonomy":"product_tag","embeddable":true,"href":"https:\/\/www.arthrom.com\/novo\/wp-json\/wp\/v2\/product_tag?post=403"}],"curies":[{"name":"wp","href":"https:\/\/api.w.org\/{rel}","templated":true}]}}