{"id":400,"date":"2025-07-23T10:24:19","date_gmt":"2025-07-23T13:24:19","guid":{"rendered":"https:\/\/www.arthrom.com\/novo\/produto\/the-best-thing-next-to-bone\/"},"modified":"2025-07-30T07:43:32","modified_gmt":"2025-07-30T10:43:32","slug":"aumentos-em-metal-tantalo-trabecular-para-revisao-de-joelho","status":"publish","type":"product","link":"https:\/\/www.arthrom.com\/novo\/produto\/aumentos-em-metal-tantalo-trabecular-para-revisao-de-joelho\/","title":{"rendered":"Aumentos em Metal T\u00e2ntalo Trabecular\u2122 para Revis\u00e3o de Joelho"},"content":{"rendered":"","protected":false},"excerpt":{"rendered":"<p>Os Aumentos Trabeculares oferecem uma \u00f3tima combina\u00e7\u00e3o de materiais e design. Fornecem um suporte estrutural na \u00e1rea de perda de massa \u00f3ssea e oferece uma alternativa a procedimentos de enxerto. Este produto tem uma elasticidade semelhante ao osso, com uma porosidade m\u00e9dia de at\u00e9 80%. Seus poros totalmente interligados permitem vias desimpedidas para o crescimento \u00f3sseo, e sua estrutura celular se assemelha osso. Estes componentes s\u00e3o para uso apenas com os Sistemas de Joelho NexGen. Quando usado com o Sistema LCCK, os aumentos s\u00e3o para uso cimentado ou n\u00e3o cimentado. Quando usado com o Sistema de Joelho RH, s\u00e3o apenas para uso cimentado.<\/p>\n<p>&nbsp;<\/p>\n<p><strong>The Best Thing Next to Bone<\/strong><\/p>\n<p>A Tecnologia Metal T\u00e2ntalo Trabecular\u2122 \u00e9 uma superf\u00edcie de fixa\u00e7\u00e3o avan\u00e7ada projetada para implantes ortop\u00e9dicos. Com um alto coeficiente de fric\u00e7\u00e3o (0,98), ele fornece um excelente encaixe por atrito inicial. Diferentemente de revestimentos e outras superf\u00edcies, o Metal T\u00e2ntalo Trabecular\u2122 tem porosidade de at\u00e9 80%, aumentando o potencial de incorpora\u00e7\u00e3o \u00f3ssea e vasculariza\u00e7\u00e3o do tecido mole. Com sua arquitetura de estrutura nanotexturizada, o Metal T\u00e2ntalo Trabecular\u2122 \u00e9 similar ao osso canceloso em estrutura, fun\u00e7\u00e3o e fisiologia.<\/p>\n<p>&nbsp;<\/p>\n<p><strong>Estrutura<\/strong><\/p>\n<p>\u2022\u00a0\u00a0\u00a0\u00a0\u00a0\u00a0\u00a0\u00a0\u00a0\u00a0\u00a0\u00a0 Porosidade de at\u00e9 80%;<\/p>\n<p>\u2022\u00a0\u00a0\u00a0\u00a0\u00a0\u00a0\u00a0\u00a0\u00a0\u00a0\u00a0\u00a0 Tamanho de poros consistente e poros 100% interconectados facilita, a incorpora\u00e7\u00e3o biol\u00f3gica;<\/p>\n<p>\u2022\u00a0\u00a0\u00a0\u00a0\u00a0\u00a0\u00a0\u00a0\u00a0\u00a0\u00a0\u00a0 A combina\u00e7\u00e3o de resist\u00eancia e elasticidade do T\u00e2ntalo elementar;<\/p>\n<p>\u2022\u00a0\u00a0\u00a0\u00a0\u00a0\u00a0\u00a0\u00a0\u00a0\u00a0\u00a0\u00a0 Tamanho m\u00e9dio de poro de 44\u00b5m;<\/p>\n<p>\u2022\u00a0\u00a0\u00a0\u00a0\u00a0\u00a0\u00a0\u00a0\u00a0\u00a0\u00a0\u00a0 Baixo m\u00f3dulo de elasticidade;<\/p>\n<p>&nbsp;<\/p>\n<p><strong>Fun\u00e7\u00e3o<\/strong><\/p>\n<p>\u2022\u00a0\u00a0\u00a0\u00a0\u00a0\u00a0\u00a0\u00a0\u00a0\u00a0\u00a0\u00a0 Alto coeficiente de fric\u00e7\u00e3o para maior estabilidade;<\/p>\n<p>\u2022\u00a0\u00a0\u00a0\u00a0\u00a0\u00a0\u00a0\u00a0\u00a0\u00a0\u00a0\u00a0 Baixo m\u00f3dulo de elasticidade similar a osso canceloso para carregamento fisiol\u00f3gico mais normal que tem o potencial de reduzir a remodela\u00e7\u00e3o \u00f3ssea;<\/p>\n<p>&nbsp;<\/p>\n<p><strong>Fisiologia<\/strong><\/p>\n<p>\u2022\u00a0\u00a0\u00a0\u00a0\u00a0\u00a0\u00a0\u00a0\u00a0\u00a0\u00a0\u00a0 O T\u00e2ntalo elementar \u00e9 quimicamente est\u00e1vel e biologicamente inerte;<\/p>\n<p>\u2022\u00a0\u00a0\u00a0\u00a0\u00a0\u00a0\u00a0\u00a0\u00a0\u00a0\u00a0\u00a0 A estrutura suporta integra\u00e7\u00e3o do osso, remodela\u00e7\u00e3o do osso e vasculariza\u00e7\u00e3o;<\/p>\n<p>\u2022\u00a0\u00a0\u00a0\u00a0\u00a0\u00a0\u00a0\u00a0\u00a0\u00a0\u00a0\u00a0 Estrutura de superf\u00edcie nanotexturizada;<\/p>\n<p>&nbsp;<\/p>\n<p>O Metal T\u00e2ntalo Trabecular\u2122 \u00e9 amplamente usado no portf\u00f3lio de produtos da Zimmer, incluindo implantes de quadril, joelho e ombro, aplica\u00e7\u00f5es de traumatologia, implantes de coluna, preenchimento de Iacunas \u00f3sseas e aumentos, parafusos AVN e implantes dent\u00e1rios.<\/p>\n<p>&nbsp;<\/p>\n<p><strong>Material<\/strong><\/p>\n<p>O material Metal T\u00e2ntalo Trabecular\u2122 \u00e9 feito de T\u00e2ntalo elementar (peso at\u00f4mico 73), um dos metais mais est\u00e1veis quimicamente e inertes fisiologicamente usados em implantes ortop\u00e9dicos, o que o torna altamente biocompat\u00edvel e resistente a corros\u00e3o. O T\u00e2ntalo \u00e9 o material ideal para essa estrutura de incorpora\u00e7\u00e3o porque tem resist\u00eancia a fadiga e um m\u00f3dulo compressivo que permite que ele flexione antes de quebrar. O Metal T\u00e2ntalo Trabecular\u2122 \u00e9 produzido em uma instala\u00e7\u00e3o dedicada em Parsippany, Nova Jersey. Utilizando um processo exclusivo de deposi\u00e7\u00e3o t\u00e9rmica, o T\u00e2ntalo \u00e9 depositado em um substrato, criando uma topografia de superf\u00edcie nanotexturizada e construindo o Metal T\u00e2ntalo Trabecular\u2122 um \u00e1tomo de cada vez.<\/p>\n<p>&nbsp;<\/p>\n<p><strong>Cl\u00ednica<\/strong><\/p>\n<p>A tecnologia Metal T\u00e2ntalo Trabecular\u2122 da Zimmer tem mais de 15 anos de hist\u00f3rico cl\u00ednico, e o desempenho de componentes espec\u00edficos em pacientes humanos foi bem documentado em mais de 250 artigos e abstracts revistos por pares. Estudos independentes confirmaram as propriedades estruturais e mec\u00e2nicas do material Metal T\u00e2ntalo Trabecular\u2122.<\/p>\n","protected":false},"featured_media":536,"template":"","meta":{"site-sidebar-layout":"default","site-content-layout":"","ast-site-content-layout":"default","site-content-style":"default","site-sidebar-style":"default","ast-global-header-display":"","ast-banner-title-visibility":"","ast-main-header-display":"","ast-hfb-above-header-display":"","ast-hfb-below-header-display":"","ast-hfb-mobile-header-display":"","site-post-title":"","ast-breadcrumbs-content":"","ast-featured-img":"","footer-sml-layout":"","ast-disable-related-posts":"","theme-transparent-header-meta":"default","adv-header-id-meta":"","stick-header-meta":"","header-above-stick-meta":"","header-main-stick-meta":"","header-below-stick-meta":"","astra-migrate-meta-layouts":"set","ast-page-background-enabled":"default","ast-page-background-meta":{"desktop":{"background-color":"","background-image":"","background-repeat":"repeat","background-position":"center center","background-size":"auto","background-attachment":"scroll","background-type":"","background-media":"","overlay-type":"","overlay-color":"","overlay-opacity":"","overlay-gradient":""},"tablet":{"background-color":"","background-image":"","background-repeat":"repeat","background-position":"center center","background-size":"auto","background-attachment":"scroll","background-type":"","background-media":"","overlay-type":"","overlay-color":"","overlay-opacity":"","overlay-gradient":""},"mobile":{"background-color":"","background-image":"","background-repeat":"repeat","background-position":"center center","background-size":"auto","background-attachment":"scroll","background-type":"","background-media":"","overlay-type":"","overlay-color":"","overlay-opacity":"","overlay-gradient":""}},"ast-content-background-meta":{"desktop":{"background-color":"var(--ast-global-color-5)","background-image":"","background-repeat":"repeat","background-position":"center center","background-size":"auto","background-attachment":"scroll","background-type":"","background-media":"","overlay-type":"","overlay-color":"","overlay-opacity":"","overlay-gradient":""},"tablet":{"background-color":"var(--ast-global-color-5)","background-image":"","background-repeat":"repeat","background-position":"center center","background-size":"auto","background-attachment":"scroll","background-type":"","background-media":"","overlay-type":"","overlay-color":"","overlay-opacity":"","overlay-gradient":""},"mobile":{"background-color":"var(--ast-global-color-5)","background-image":"","background-repeat":"repeat","background-position":"center center","background-size":"auto","background-attachment":"scroll","background-type":"","background-media":"","overlay-type":"","overlay-color":"","overlay-opacity":"","overlay-gradient":""}}},"product_brand":[],"product_cat":[101],"product_tag":[],"class_list":{"0":"post-400","1":"product","2":"type-product","3":"status-publish","4":"has-post-thumbnail","6":"product_cat-joelho","7":"desktop-align-left","8":"tablet-align-left","9":"mobile-align-left","11":"first","12":"instock","13":"shipping-taxable","14":"product-type-simple"},"_links":{"self":[{"href":"https:\/\/www.arthrom.com\/novo\/wp-json\/wp\/v2\/product\/400","targetHints":{"allow":["GET"]}}],"collection":[{"href":"https:\/\/www.arthrom.com\/novo\/wp-json\/wp\/v2\/product"}],"about":[{"href":"https:\/\/www.arthrom.com\/novo\/wp-json\/wp\/v2\/types\/product"}],"wp:featuredmedia":[{"embeddable":true,"href":"https:\/\/www.arthrom.com\/novo\/wp-json\/wp\/v2\/media\/536"}],"wp:attachment":[{"href":"https:\/\/www.arthrom.com\/novo\/wp-json\/wp\/v2\/media?parent=400"}],"wp:term":[{"taxonomy":"product_brand","embeddable":true,"href":"https:\/\/www.arthrom.com\/novo\/wp-json\/wp\/v2\/product_brand?post=400"},{"taxonomy":"product_cat","embeddable":true,"href":"https:\/\/www.arthrom.com\/novo\/wp-json\/wp\/v2\/product_cat?post=400"},{"taxonomy":"product_tag","embeddable":true,"href":"https:\/\/www.arthrom.com\/novo\/wp-json\/wp\/v2\/product_tag?post=400"}],"curies":[{"name":"wp","href":"https:\/\/api.w.org\/{rel}","templated":true}]}}