{"id":393,"date":"2025-07-23T10:24:16","date_gmt":"2025-07-23T13:24:16","guid":{"rendered":"https:\/\/www.arthrom.com\/novo\/produto\/produto-23\/"},"modified":"2025-07-30T09:46:33","modified_gmt":"2025-07-30T12:46:33","slug":"sutura-cirurgica-agulhada-suturfix","status":"publish","type":"product","link":"https:\/\/www.arthrom.com\/novo\/produto\/sutura-cirurgica-agulhada-suturfix\/","title":{"rendered":"Sutura Cir\u00fargica Agulhada Suturfix"},"content":{"rendered":"","protected":false},"excerpt":{"rendered":"<p>Os modelos comerciais que comp\u00f5em a fam\u00edlia da Sutura cir\u00fargica agulhada Suturfix s\u00e3o classificados como produto m\u00e9dico implant\u00e1vel invasivo cirurgicamente de uso em longo prazo. O fio da sutura cir\u00fargica \u00e9 de origem sint\u00e9tica, fabricada com multifilamento tran\u00e7ado de Polietileno de Ultra Alto Peso Molecular (UHMWPE) de alta resist\u00eancia, n\u00e3o absorv\u00edvel e com agulha, est\u00e9ril. Possui n\u00famero cir\u00fargico 2 e 2-0 (n\u00famero m\u00e9trico 5 e 3, respectivamente) e v\u00e1rios comprimentos: 45 cm, 75 cm e 90 cm; atende aos requisitos USP (United States Pharmacopeia) e NBR 13904. A agulha curva \u00e9 fabricada com A\u00e7o Inoxid\u00e1vel XM-16, atraum\u00e1tica, furada, curva, cil\u00edndrica, \u00bd c\u00edrculo, com 20 e 25 mm de comprimento. A agulha reta \u00e9 fabricada com A\u00e7o Inoxid\u00e1vel F138, atraum\u00e1tica, furada, reta, cil\u00edndrica, com 255 mm de comprimento. Atendem aos requisitos da norma NBR 13911 e ASTM F138.<\/p>\n<p><a href=\"https:\/\/sartori.ind.br\/perfil-produto\/sutura-cirurgica-agulhada-suturfix\/15\">https:\/\/sartori.ind.br\/perfil-produto\/sutura-cirurgica-agulhada-suturfix\/15<\/a><\/p>\n","protected":false},"featured_media":506,"template":"","meta":{"site-sidebar-layout":"default","site-content-layout":"","ast-site-content-layout":"default","site-content-style":"default","site-sidebar-style":"default","ast-global-header-display":"","ast-banner-title-visibility":"","ast-main-header-display":"","ast-hfb-above-header-display":"","ast-hfb-below-header-display":"","ast-hfb-mobile-header-display":"","site-post-title":"","ast-breadcrumbs-content":"","ast-featured-img":"","footer-sml-layout":"","ast-disable-related-posts":"","theme-transparent-header-meta":"default","adv-header-id-meta":"","stick-header-meta":"","header-above-stick-meta":"","header-main-stick-meta":"","header-below-stick-meta":"","astra-migrate-meta-layouts":"set","ast-page-background-enabled":"default","ast-page-background-meta":{"desktop":{"background-color":"","background-image":"","background-repeat":"repeat","background-position":"center center","background-size":"auto","background-attachment":"scroll","background-type":"","background-media":"","overlay-type":"","overlay-color":"","overlay-opacity":"","overlay-gradient":""},"tablet":{"background-color":"","background-image":"","background-repeat":"repeat","background-position":"center center","background-size":"auto","background-attachment":"scroll","background-type":"","background-media":"","overlay-type":"","overlay-color":"","overlay-opacity":"","overlay-gradient":""},"mobile":{"background-color":"","background-image":"","background-repeat":"repeat","background-position":"center center","background-size":"auto","background-attachment":"scroll","background-type":"","background-media":"","overlay-type":"","overlay-color":"","overlay-opacity":"","overlay-gradient":""}},"ast-content-background-meta":{"desktop":{"background-color":"var(--ast-global-color-5)","background-image":"","background-repeat":"repeat","background-position":"center center","background-size":"auto","background-attachment":"scroll","background-type":"","background-media":"","overlay-type":"","overlay-color":"","overlay-opacity":"","overlay-gradient":""},"tablet":{"background-color":"var(--ast-global-color-5)","background-image":"","background-repeat":"repeat","background-position":"center center","background-size":"auto","background-attachment":"scroll","background-type":"","background-media":"","overlay-type":"","overlay-color":"","overlay-opacity":"","overlay-gradient":""},"mobile":{"background-color":"var(--ast-global-color-5)","background-image":"","background-repeat":"repeat","background-position":"center center","background-size":"auto","background-attachment":"scroll","background-type":"","background-media":"","overlay-type":"","overlay-color":"","overlay-opacity":"","overlay-gradient":""}}},"product_brand":[],"product_cat":[101,97,100,98],"product_tag":[],"class_list":{"0":"post-393","1":"product","2":"type-product","3":"status-publish","4":"has-post-thumbnail","6":"product_cat-joelho","7":"product_cat-ombro-cotovelo","8":"product_cat-tornozelo","9":"product_cat-quadril","10":"desktop-align-left","11":"tablet-align-left","12":"mobile-align-left","14":"first","15":"instock","16":"shipping-taxable","17":"product-type-simple"},"_links":{"self":[{"href":"https:\/\/www.arthrom.com\/novo\/wp-json\/wp\/v2\/product\/393","targetHints":{"allow":["GET"]}}],"collection":[{"href":"https:\/\/www.arthrom.com\/novo\/wp-json\/wp\/v2\/product"}],"about":[{"href":"https:\/\/www.arthrom.com\/novo\/wp-json\/wp\/v2\/types\/product"}],"wp:featuredmedia":[{"embeddable":true,"href":"https:\/\/www.arthrom.com\/novo\/wp-json\/wp\/v2\/media\/506"}],"wp:attachment":[{"href":"https:\/\/www.arthrom.com\/novo\/wp-json\/wp\/v2\/media?parent=393"}],"wp:term":[{"taxonomy":"product_brand","embeddable":true,"href":"https:\/\/www.arthrom.com\/novo\/wp-json\/wp\/v2\/product_brand?post=393"},{"taxonomy":"product_cat","embeddable":true,"href":"https:\/\/www.arthrom.com\/novo\/wp-json\/wp\/v2\/product_cat?post=393"},{"taxonomy":"product_tag","embeddable":true,"href":"https:\/\/www.arthrom.com\/novo\/wp-json\/wp\/v2\/product_tag?post=393"}],"curies":[{"name":"wp","href":"https:\/\/api.w.org\/{rel}","templated":true}]}}