{"id":390,"date":"2025-07-23T10:24:13","date_gmt":"2025-07-23T13:24:13","guid":{"rendered":"https:\/\/www.arthrom.com\/novo\/produto\/produto-20\/"},"modified":"2025-07-30T09:47:51","modified_gmt":"2025-07-30T12:47:51","slug":"protese-de-revisao-de-joelho-nexgen-legacy-constrained-condylar-knee-lcck","status":"publish","type":"product","link":"https:\/\/www.arthrom.com\/novo\/produto\/protese-de-revisao-de-joelho-nexgen-legacy-constrained-condylar-knee-lcck\/","title":{"rendered":"Pr\u00f3tese de Revis\u00e3o de Joelho NexGen\u00ae Legacy\u00ae Constrained Condylar Knee (LCCK)"},"content":{"rendered":"","protected":false},"excerpt":{"rendered":"<ul>\n<li><strong>Caracter\u00edsticas T\u00e9cnicas e Diferenciais<\/strong>\n<ul>\n<li><strong>Compatibilidade com aumentos, extens\u00f5es de haste e cones de metal trabecular<\/strong>, permitindo abordar m\u00faltiplos defeitos e situa\u00e7\u00f5es de revis\u00e3o complexas.<\/li>\n<li><strong>Utiliza\u00e7\u00e3o flex\u00edvel de componentes:<\/strong>\u00a0Os pratos tibiais e femorais revestidos poroso CR e LPS podem ser utilizados com ou sem cimento, enquanto os revestimentos de hidroxiapatita\/fosfato tric\u00e1lcico [HA\/TCP] CR s\u00e3o indicados para uso sem cimento. Todos os demais componentes (como r\u00f3tula de polietileno) s\u00e3o para uso exclusivo com cimento.<\/li>\n<li><strong>Limita\u00e7\u00e3o prot\u00e9sica diferenciada:<\/strong>\u00a0O LCCK apresenta uma espinha tibial elevada e um compartimento intercondiliano femoral profundo, proporcionando:\n<ul>\n<li>Estabilidade varo\/valgo limitada a \u00b11,25\u00b0<\/li>\n<li>Rota\u00e7\u00e3o interna\/externa a \u00b12\u00b0<\/li>\n<li>Preven\u00e7\u00e3o de subluxa\u00e7\u00e3o posterior<\/li>\n<li>Amplitude te\u00f3rica de movimento acima de 120\u00b0<\/li>\n<\/ul>\n<\/li>\n<li><strong>Tecnologia Metal T\u00e2ntalo Trabecular\u2122:<\/strong>\u00a0Nos cones e aumentos para casos de revis\u00e3o exigentes.<\/li>\n<li><strong>Novo instrumental 4 em 1:<\/strong>\u00a0Facilita procedimentos complexos tanto em cirurgias prim\u00e1rias quanto de revis\u00e3o, garantindo mais agilidade e precis\u00e3o.<\/li>\n<\/ul>\n<hr \/>\n<p><strong>Hist\u00f3rico e Resultados Cl\u00ednicos<\/strong><\/p>\n<ul>\n<li>Sistema consolidado, com mais de 25 anos de hist\u00f3ria cl\u00ednica.<\/li>\n<li>Sobreviv\u00eancia reportada de 96% em 10 anos quando usada para revis\u00e3o de artroplastia total de joelho (TKA).<\/li>\n<li>Design voltado para estabiliza\u00e7\u00e3o adicional em situa\u00e7\u00f5es onde h\u00e1 insufici\u00eancia ligamentar e grande perda \u00f3ssea.<\/li>\n<\/ul>\n<\/li>\n<\/ul>\n<p><!-- notionvc: c2f0d223-26ed-4ff8-b401-8e8ce56c138e --><\/p>\n","protected":false},"featured_media":509,"template":"","meta":{"site-sidebar-layout":"default","site-content-layout":"","ast-site-content-layout":"default","site-content-style":"default","site-sidebar-style":"default","ast-global-header-display":"","ast-banner-title-visibility":"","ast-main-header-display":"","ast-hfb-above-header-display":"","ast-hfb-below-header-display":"","ast-hfb-mobile-header-display":"","site-post-title":"","ast-breadcrumbs-content":"","ast-featured-img":"","footer-sml-layout":"","ast-disable-related-posts":"","theme-transparent-header-meta":"default","adv-header-id-meta":"","stick-header-meta":"","header-above-stick-meta":"","header-main-stick-meta":"","header-below-stick-meta":"","astra-migrate-meta-layouts":"set","ast-page-background-enabled":"default","ast-page-background-meta":{"desktop":{"background-color":"","background-image":"","background-repeat":"repeat","background-position":"center center","background-size":"auto","background-attachment":"scroll","background-type":"","background-media":"","overlay-type":"","overlay-color":"","overlay-opacity":"","overlay-gradient":""},"tablet":{"background-color":"","background-image":"","background-repeat":"repeat","background-position":"center center","background-size":"auto","background-attachment":"scroll","background-type":"","background-media":"","overlay-type":"","overlay-color":"","overlay-opacity":"","overlay-gradient":""},"mobile":{"background-color":"","background-image":"","background-repeat":"repeat","background-position":"center center","background-size":"auto","background-attachment":"scroll","background-type":"","background-media":"","overlay-type":"","overlay-color":"","overlay-opacity":"","overlay-gradient":""}},"ast-content-background-meta":{"desktop":{"background-color":"var(--ast-global-color-5)","background-image":"","background-repeat":"repeat","background-position":"center center","background-size":"auto","background-attachment":"scroll","background-type":"","background-media":"","overlay-type":"","overlay-color":"","overlay-opacity":"","overlay-gradient":""},"tablet":{"background-color":"var(--ast-global-color-5)","background-image":"","background-repeat":"repeat","background-position":"center center","background-size":"auto","background-attachment":"scroll","background-type":"","background-media":"","overlay-type":"","overlay-color":"","overlay-opacity":"","overlay-gradient":""},"mobile":{"background-color":"var(--ast-global-color-5)","background-image":"","background-repeat":"repeat","background-position":"center center","background-size":"auto","background-attachment":"scroll","background-type":"","background-media":"","overlay-type":"","overlay-color":"","overlay-opacity":"","overlay-gradient":""}}},"product_brand":[],"product_cat":[101],"product_tag":[],"class_list":{"0":"post-390","1":"product","2":"type-product","3":"status-publish","4":"has-post-thumbnail","6":"product_cat-joelho","7":"desktop-align-left","8":"tablet-align-left","9":"mobile-align-left","11":"first","12":"instock","13":"shipping-taxable","14":"product-type-simple"},"_links":{"self":[{"href":"https:\/\/www.arthrom.com\/novo\/wp-json\/wp\/v2\/product\/390","targetHints":{"allow":["GET"]}}],"collection":[{"href":"https:\/\/www.arthrom.com\/novo\/wp-json\/wp\/v2\/product"}],"about":[{"href":"https:\/\/www.arthrom.com\/novo\/wp-json\/wp\/v2\/types\/product"}],"wp:featuredmedia":[{"embeddable":true,"href":"https:\/\/www.arthrom.com\/novo\/wp-json\/wp\/v2\/media\/509"}],"wp:attachment":[{"href":"https:\/\/www.arthrom.com\/novo\/wp-json\/wp\/v2\/media?parent=390"}],"wp:term":[{"taxonomy":"product_brand","embeddable":true,"href":"https:\/\/www.arthrom.com\/novo\/wp-json\/wp\/v2\/product_brand?post=390"},{"taxonomy":"product_cat","embeddable":true,"href":"https:\/\/www.arthrom.com\/novo\/wp-json\/wp\/v2\/product_cat?post=390"},{"taxonomy":"product_tag","embeddable":true,"href":"https:\/\/www.arthrom.com\/novo\/wp-json\/wp\/v2\/product_tag?post=390"}],"curies":[{"name":"wp","href":"https:\/\/api.w.org\/{rel}","templated":true}]}}