{"id":379,"date":"2025-07-23T10:24:07","date_gmt":"2025-07-23T13:24:07","guid":{"rendered":"https:\/\/www.arthrom.com\/novo\/produto\/produto-10\/"},"modified":"2025-07-30T07:29:21","modified_gmt":"2025-07-30T10:29:21","slug":"chondro-gide","status":"publish","type":"product","link":"https:\/\/www.arthrom.com\/novo\/produto\/chondro-gide\/","title":{"rendered":"Chondro-Gide\u00ae &#8211; Substituto de cartilagens"},"content":{"rendered":"","protected":false},"excerpt":{"rendered":"<ul>\n<li><strong>Chondro-Gide\u00ae \u00e9 a melhor matriz de col\u00e1geno dupla face e natural para a regenera\u00e7\u00e3o de cartilagem. Esta matriz f\u00e1cil de manusear pode ser usada para tratar defeitos da cartilagem com v\u00e1rios m\u00e9todos cir\u00fargicos. Chondro-Gide\u00ae consiste em col\u00e1geno natural.\u00a0<\/strong>\n<p><strong>T\u00e9cnicas cir\u00fargicas que\u00a0utilizam a\u00a0Chondro-Gide\u00ae<\/strong><\/p>\n<ul>\n<li>AMIC\u00ae\u00a0(condrog\u00eanese aut\u00f3loga induzida por matriz)\u00a0\u00e9 uma t\u00e9cnica de um \u00fanico passo, com uma boa rela\u00e7\u00e3o\u00a0custo\/benef\u00edcio e eficaz para o tratamento de defeitos traum\u00e1ticos da cartilagem. Chondro-Gide\u00ae\u00a0oferece um ambiente protetor para a diferencia\u00e7\u00e3o celular e a forma\u00e7\u00e3o de nova cartilagem.<\/li>\n<li>ACI (implante aut\u00f3logo de condr\u00f3citos): Chondro-Gide\u00ae\u00a0oferece uma matriz de suporte 3D ideal para a ades\u00e3o de condr\u00f3citos aut\u00f3logos de cultura e promove a sua prolifera\u00e7\u00e3o.<\/li>\n<\/ul>\n<p><strong>Benef\u00edcios cl\u00ednicos do Chondro-Gide\u00ae<\/strong><\/p>\n<ul>\n<li>Estudos cient\u00edficos comprovam a efici\u00eancia do Chondro-Gide\u00ae\u00a0como a melhor matriz de col\u00e1geno na regenera\u00e7\u00e3o da cartilagem<\/li>\n<li>A matriz tem uma estrutura dupla face exclusiva<\/li>\n<li>Chondro-Gide\u00ae\u00a0possui uma elevada resist\u00eancia \u00e0 tra\u00e7\u00e3o e excelentes propriedades de manuseio<\/li>\n<li>Chondro-Gide\u00ae\u00a0promove a condrog\u00eanese das c\u00e9lulas-tronco mesenquimais na t\u00e9cnica AMIC\u00ae<\/li>\n<li>Chondro-Gide\u00ae\u00a0promove a prolifera\u00e7\u00e3o e o enriquecimento da matriz extracelular no ACI.<\/li>\n<\/ul>\n<p><strong>Linha\u00a0de produtos Chondro-Gide\u00ae\u00a0para as v\u00e1rias indica\u00e7\u00f5es<\/strong><br \/>\nChondro-Gide\u00ae\u00a0pode ser usado no tratamento dos defeitos de cartilagem de v\u00e1rios tamanhos. Tr\u00eas tamanhos diferentes do produto permitem ao cirurgi\u00e3o optar pelo mais adequado. Para a obten\u00e7\u00e3o do tamanho ideal, a matriz pode ser cortada\u00a0na condi\u00e7\u00e3o\u00a0seca\u00a0ou \u00famida.<br \/>\nOs produtos da Geistlich Pharma apresentam uma elevada reputa\u00e7\u00e3o\u00a0ao longo do\u00a0mundo, sendo usados e recomendados pelos melhores m\u00e9dicos. Os nossos produtos s\u00e3o fabricados segundo padr\u00f5es de alta qualidade e s\u00e3o sujeitos a an\u00e1lise cient\u00edfica e testes independentes.<\/p>\n<p><strong>AMIC\u00ae\u00a0&#8211; Condrog\u00e9nese induzida por matriz aut\u00f3gena<\/strong><\/p>\n<p>A condrog\u00eanese induzida por matriz aut\u00f3gena, AMIC\u00ae, \u00e9 um inovador procedimento cir\u00fargico biol\u00f3gico desenvolvido pela Geistlich Surgery para o tratamento de les\u00f5es traum\u00e1ticas condrais e osteocondrais. Este procedimento de passo \u00fanico combina o m\u00e9todo de microfratura\u00e7\u00e3o, que \u00e9 um tratamento de primeira linha estabelecido, com a aplica\u00e7\u00e3o\u00a0da Chondro-Gide\u00ae, uma matriz\u00a0dupla-face de col\u00e1geno de origem su\u00edna.<\/p>\n<p>O princ\u00edpio funcional da microfratura\u00e7\u00e3o baseia-se na liberta\u00e7\u00e3o de c\u00e9lulas progenitoras mesenquimais multipotentes, citocinas e fatores de crescimento de osso subcondral. O superco\u00e1gulo formado como resultado da hemorragia \u00e9 coberto e depois estabilizado pela matriz Chondro-Gide\u00ae\u00a0e por cola de fibrina. Chondro-Gide\u00ae\u00a0constitui uma estrutura de suporte apropriada, que real\u00e7a a diferencia\u00e7\u00e3o condrog\u00e9nica de c\u00e9lulas-tronco mesenquimais e, em combina\u00e7\u00e3o com cola de fibrina, estimula os condr\u00f3citos para aumentar a deposi\u00e7\u00e3o de proteoglicanos. AMIC\u00ae\u00a0alcan\u00e7a al\u00edvio da dor e restaura a funcionalidade da articula\u00e7\u00e3o, com o objetivo de recuperar a mobilidade completa, permitindo voltar ao estilo de vida e n\u00edvel de vida anteriores. Retarda a degenera\u00e7\u00e3o de cartilagem, com o objetivo de evitar ou abrandar a cirurgia de substitui\u00e7\u00e3o parcial ou total da articula\u00e7\u00e3o (substitui\u00e7\u00e3o do joelho).<\/li>\n<\/ul>\n","protected":false},"featured_media":487,"template":"","meta":{"site-sidebar-layout":"default","site-content-layout":"","ast-site-content-layout":"default","site-content-style":"default","site-sidebar-style":"default","ast-global-header-display":"","ast-banner-title-visibility":"","ast-main-header-display":"","ast-hfb-above-header-display":"","ast-hfb-below-header-display":"","ast-hfb-mobile-header-display":"","site-post-title":"","ast-breadcrumbs-content":"","ast-featured-img":"","footer-sml-layout":"","ast-disable-related-posts":"","theme-transparent-header-meta":"default","adv-header-id-meta":"","stick-header-meta":"","header-above-stick-meta":"","header-main-stick-meta":"","header-below-stick-meta":"","astra-migrate-meta-layouts":"set","ast-page-background-enabled":"default","ast-page-background-meta":{"desktop":{"background-color":"","background-image":"","background-repeat":"repeat","background-position":"center center","background-size":"auto","background-attachment":"scroll","background-type":"","background-media":"","overlay-type":"","overlay-color":"","overlay-opacity":"","overlay-gradient":""},"tablet":{"background-color":"","background-image":"","background-repeat":"repeat","background-position":"center center","background-size":"auto","background-attachment":"scroll","background-type":"","background-media":"","overlay-type":"","overlay-color":"","overlay-opacity":"","overlay-gradient":""},"mobile":{"background-color":"","background-image":"","background-repeat":"repeat","background-position":"center center","background-size":"auto","background-attachment":"scroll","background-type":"","background-media":"","overlay-type":"","overlay-color":"","overlay-opacity":"","overlay-gradient":""}},"ast-content-background-meta":{"desktop":{"background-color":"var(--ast-global-color-5)","background-image":"","background-repeat":"repeat","background-position":"center center","background-size":"auto","background-attachment":"scroll","background-type":"","background-media":"","overlay-type":"","overlay-color":"","overlay-opacity":"","overlay-gradient":""},"tablet":{"background-color":"var(--ast-global-color-5)","background-image":"","background-repeat":"repeat","background-position":"center center","background-size":"auto","background-attachment":"scroll","background-type":"","background-media":"","overlay-type":"","overlay-color":"","overlay-opacity":"","overlay-gradient":""},"mobile":{"background-color":"var(--ast-global-color-5)","background-image":"","background-repeat":"repeat","background-position":"center center","background-size":"auto","background-attachment":"scroll","background-type":"","background-media":"","overlay-type":"","overlay-color":"","overlay-opacity":"","overlay-gradient":""}}},"product_brand":[],"product_cat":[17],"product_tag":[],"class_list":{"0":"post-379","1":"product","2":"type-product","3":"status-publish","4":"has-post-thumbnail","6":"product_cat-sem-categoria","7":"desktop-align-left","8":"tablet-align-left","9":"mobile-align-left","11":"first","12":"instock","13":"shipping-taxable","14":"product-type-simple"},"_links":{"self":[{"href":"https:\/\/www.arthrom.com\/novo\/wp-json\/wp\/v2\/product\/379","targetHints":{"allow":["GET"]}}],"collection":[{"href":"https:\/\/www.arthrom.com\/novo\/wp-json\/wp\/v2\/product"}],"about":[{"href":"https:\/\/www.arthrom.com\/novo\/wp-json\/wp\/v2\/types\/product"}],"wp:featuredmedia":[{"embeddable":true,"href":"https:\/\/www.arthrom.com\/novo\/wp-json\/wp\/v2\/media\/487"}],"wp:attachment":[{"href":"https:\/\/www.arthrom.com\/novo\/wp-json\/wp\/v2\/media?parent=379"}],"wp:term":[{"taxonomy":"product_brand","embeddable":true,"href":"https:\/\/www.arthrom.com\/novo\/wp-json\/wp\/v2\/product_brand?post=379"},{"taxonomy":"product_cat","embeddable":true,"href":"https:\/\/www.arthrom.com\/novo\/wp-json\/wp\/v2\/product_cat?post=379"},{"taxonomy":"product_tag","embeddable":true,"href":"https:\/\/www.arthrom.com\/novo\/wp-json\/wp\/v2\/product_tag?post=379"}],"curies":[{"name":"wp","href":"https:\/\/api.w.org\/{rel}","templated":true}]}}