{"id":367,"date":"2025-07-23T10:20:50","date_gmt":"2025-07-23T13:20:50","guid":{"rendered":"https:\/\/www.arthrom.com\/novo\/produto\/produto-4\/"},"modified":"2025-08-05T12:54:06","modified_gmt":"2025-08-05T15:54:06","slug":"cimento-osseo-g1","status":"publish","type":"product","link":"https:\/\/www.arthrom.com\/novo\/produto\/cimento-osseo-g1\/","title":{"rendered":"Cimento \u00d3sseo G1"},"content":{"rendered":"","protected":false},"excerpt":{"rendered":"<p>O Cimento \u00d3sseo G1 \u00e9 um cimento radiopaco de base acr\u00edlica (poli-metil-meta-crilato, PMMA) projetado para oferecer excelente desempenho na fixa\u00e7\u00e3o e revis\u00e3o de pr\u00f3teses articulares de quadril, joelho e ombro, al\u00e9m de reparar defeitos \u00f3sseos e fraturas patol\u00f3gicas. Formulado para manter suas propriedades f\u00edsicas e qu\u00edmicas, o G1 proporciona resist\u00eancia mec\u00e2nica superior ao implante, garantindo seguran\u00e7a e efic\u00e1cia nos procedimentos ortop\u00e9dicos.<\/p>\n<p>Caracter\u00edsticas T\u00e9cnicas:<\/p>\n<p>Sistema de Dois Componentes: O cimento \u00e9 fornecido como um sistema composto por p\u00f3 e l\u00edquido, que s\u00e3o misturados no momento da aplica\u00e7\u00e3o cir\u00fargica para garantir frescor e efic\u00e1cia. Viscosidade Adequada: Dispon\u00edvel em diferentes teores de viscosidade, o cimento G1 \u00e9 adapt\u00e1vel a diversas aplica\u00e7\u00f5es espec\u00edficas, facilitando o manuseio e a aplica\u00e7\u00e3o precisa. Baixa Porosidade Residual: Ap\u00f3s o endurecimento, o cimento forma uma estrutura compacta, que minimiza a porosidade residual e aumenta a resist\u00eancia mec\u00e2nica. Op\u00e7\u00f5es com ou sem Antibi\u00f3tico: Oferece flexibilidade na escolha do produto mais adequado para cada caso cl\u00ednico. Benef\u00edcios:<\/p>\n<p>Desempenho Confi\u00e1vel: Manuten\u00e7\u00e3o das propriedades f\u00edsicas e qu\u00edmicas sem comprometimento ao longo do tempo, resultando em aplica\u00e7\u00f5es seguras e eficazes. Versatilidade Cl\u00ednica: Indicado para uma ampla gama de procedimentos ortop\u00e9dicos, desde revis\u00f5es de pr\u00f3teses at\u00e9 repara\u00e7\u00e3o de fraturas complexas. Facilidade de Uso: Mistura e aplica\u00e7\u00e3o simples na sala de cirurgia, permitindo um fluxo de trabalho eficiente e resultados consistentes.<\/p>\n","protected":false},"featured_media":731,"template":"","meta":{"site-sidebar-layout":"default","site-content-layout":"","ast-site-content-layout":"default","site-content-style":"default","site-sidebar-style":"default","ast-global-header-display":"","ast-banner-title-visibility":"","ast-main-header-display":"","ast-hfb-above-header-display":"","ast-hfb-below-header-display":"","ast-hfb-mobile-header-display":"","site-post-title":"","ast-breadcrumbs-content":"","ast-featured-img":"","footer-sml-layout":"","ast-disable-related-posts":"","theme-transparent-header-meta":"default","adv-header-id-meta":"","stick-header-meta":"","header-above-stick-meta":"","header-main-stick-meta":"","header-below-stick-meta":"","astra-migrate-meta-layouts":"set","ast-page-background-enabled":"default","ast-page-background-meta":{"desktop":{"background-color":"","background-image":"","background-repeat":"repeat","background-position":"center center","background-size":"auto","background-attachment":"scroll","background-type":"","background-media":"","overlay-type":"","overlay-color":"","overlay-opacity":"","overlay-gradient":""},"tablet":{"background-color":"","background-image":"","background-repeat":"repeat","background-position":"center center","background-size":"auto","background-attachment":"scroll","background-type":"","background-media":"","overlay-type":"","overlay-color":"","overlay-opacity":"","overlay-gradient":""},"mobile":{"background-color":"","background-image":"","background-repeat":"repeat","background-position":"center center","background-size":"auto","background-attachment":"scroll","background-type":"","background-media":"","overlay-type":"","overlay-color":"","overlay-opacity":"","overlay-gradient":""}},"ast-content-background-meta":{"desktop":{"background-color":"var(--ast-global-color-5)","background-image":"","background-repeat":"repeat","background-position":"center center","background-size":"auto","background-attachment":"scroll","background-type":"","background-media":"","overlay-type":"","overlay-color":"","overlay-opacity":"","overlay-gradient":""},"tablet":{"background-color":"var(--ast-global-color-5)","background-image":"","background-repeat":"repeat","background-position":"center center","background-size":"auto","background-attachment":"scroll","background-type":"","background-media":"","overlay-type":"","overlay-color":"","overlay-opacity":"","overlay-gradient":""},"mobile":{"background-color":"var(--ast-global-color-5)","background-image":"","background-repeat":"repeat","background-position":"center center","background-size":"auto","background-attachment":"scroll","background-type":"","background-media":"","overlay-type":"","overlay-color":"","overlay-opacity":"","overlay-gradient":""}}},"product_brand":[],"product_cat":[101,98],"product_tag":[],"class_list":{"0":"post-367","1":"product","2":"type-product","3":"status-publish","4":"has-post-thumbnail","6":"product_cat-joelho","7":"product_cat-quadril","8":"desktop-align-left","9":"tablet-align-left","10":"mobile-align-left","12":"first","13":"instock","14":"shipping-taxable","15":"product-type-simple"},"_links":{"self":[{"href":"https:\/\/www.arthrom.com\/novo\/wp-json\/wp\/v2\/product\/367","targetHints":{"allow":["GET"]}}],"collection":[{"href":"https:\/\/www.arthrom.com\/novo\/wp-json\/wp\/v2\/product"}],"about":[{"href":"https:\/\/www.arthrom.com\/novo\/wp-json\/wp\/v2\/types\/product"}],"wp:featuredmedia":[{"embeddable":true,"href":"https:\/\/www.arthrom.com\/novo\/wp-json\/wp\/v2\/media\/731"}],"wp:attachment":[{"href":"https:\/\/www.arthrom.com\/novo\/wp-json\/wp\/v2\/media?parent=367"}],"wp:term":[{"taxonomy":"product_brand","embeddable":true,"href":"https:\/\/www.arthrom.com\/novo\/wp-json\/wp\/v2\/product_brand?post=367"},{"taxonomy":"product_cat","embeddable":true,"href":"https:\/\/www.arthrom.com\/novo\/wp-json\/wp\/v2\/product_cat?post=367"},{"taxonomy":"product_tag","embeddable":true,"href":"https:\/\/www.arthrom.com\/novo\/wp-json\/wp\/v2\/product_tag?post=367"}],"curies":[{"name":"wp","href":"https:\/\/api.w.org\/{rel}","templated":true}]}}