{"id":366,"date":"2025-07-23T10:20:49","date_gmt":"2025-07-23T13:20:49","guid":{"rendered":"https:\/\/www.arthrom.com\/novo\/produto\/produto-3\/"},"modified":"2025-08-05T10:00:45","modified_gmt":"2025-08-05T13:00:45","slug":"yknot-flex","status":"publish","type":"product","link":"https:\/\/www.arthrom.com\/novo\/produto\/yknot-flex\/","title":{"rendered":"Yknot Flex"},"content":{"rendered":"","protected":false},"excerpt":{"rendered":"<p>Parte integrante do Sistema de Restaura\u00e7\u00e3o do Ombro da CONMED, o Y-Knot\u00ae Flex \u00e9 um sistema de ancoragem vers\u00e1til projetado para reparos labrais e capsulares. Com \u00e2ncoras totalmente em sutura, ele melhora a flexibilidade cir\u00fargica e o acesso, enquanto requer at\u00e9 80% menos remo\u00e7\u00e3o \u00f3ssea comparado a \u00e2ncoras press-fit tradicionais. Isso n\u00e3o s\u00f3 preserva mais o osso, mas tamb\u00e9m oferece maior seguran\u00e7a e efic\u00e1cia nos reparos.<\/p>\n<p><strong>Caracter\u00edsticas T\u00e9cnicas:<\/strong><\/p>\n<ul>\n<li><strong>Redu\u00e7\u00e3o Significativa de Remo\u00e7\u00e3o \u00d3ssea:<\/strong>\u00a0A \u00e2ncora de 1,3 mm requer 80% menos remo\u00e7\u00e3o \u00f3ssea que \u00e2ncoras de 3,0 mm, preservando o osso e mantendo op\u00e7\u00f5es para cirurgias de revis\u00e3o.<\/li>\n<li><strong>Fixa\u00e7\u00e3o Forte e Pr\u00f3xima:<\/strong>\u00a0O pequeno tamanho da \u00e2ncora permite m\u00faltiplos pontos de fixa\u00e7\u00e3o pr\u00f3ximos, aumentando a for\u00e7a do reparo de tecidos moles.<\/li>\n<li><strong>Tecnologia de Fixa\u00e7\u00e3o FormFit\u2122 360\u00b0:<\/strong>\u00a0Expande lateralmente ao ser implantada, garantindo uma fixa\u00e7\u00e3o forte com m\u00ednima invas\u00e3o.<\/li>\n<li><strong>Acesso Minimamente Invasivo:<\/strong>\u00a0Guias percut\u00e2neos delgados requerem incis\u00f5es menores na pele.<\/li>\n<\/ul>\n<p><strong>Benef\u00edcios:<\/strong><\/p>\n<ul>\n<li><strong>Maior For\u00e7a de Fixa\u00e7\u00e3o:<\/strong>\u00a0O sistema oferece 55% mais for\u00e7a de fixa\u00e7\u00e3o que \u00e2ncoras press-fit convencionais de 3,0 mm e 30% menos deforma\u00e7\u00e3o sob carga c\u00edclica.<\/li>\n<li><strong>Entrada Menos Invasiva:<\/strong>\u00a0Instrumenta\u00e7\u00e3o delgada e flex\u00edvel que minimiza a perturba\u00e7\u00e3o dos tecidos saud\u00e1veis adjacentes.<\/li>\n<li><strong>Versatilidade no Reparo:<\/strong>\u00a0Ideal para reparos labrais e capsulares, com capacidade de navega\u00e7\u00e3o em curvas e acesso aprimorado ao local cir\u00fargico.<\/li>\n<\/ul>\n","protected":false},"featured_media":477,"template":"","meta":{"site-sidebar-layout":"default","site-content-layout":"","ast-site-content-layout":"default","site-content-style":"default","site-sidebar-style":"default","ast-global-header-display":"","ast-banner-title-visibility":"","ast-main-header-display":"","ast-hfb-above-header-display":"","ast-hfb-below-header-display":"","ast-hfb-mobile-header-display":"","site-post-title":"","ast-breadcrumbs-content":"","ast-featured-img":"","footer-sml-layout":"","ast-disable-related-posts":"","theme-transparent-header-meta":"default","adv-header-id-meta":"","stick-header-meta":"","header-above-stick-meta":"","header-main-stick-meta":"","header-below-stick-meta":"","astra-migrate-meta-layouts":"set","ast-page-background-enabled":"default","ast-page-background-meta":{"desktop":{"background-color":"","background-image":"","background-repeat":"repeat","background-position":"center center","background-size":"auto","background-attachment":"scroll","background-type":"","background-media":"","overlay-type":"","overlay-color":"","overlay-opacity":"","overlay-gradient":""},"tablet":{"background-color":"","background-image":"","background-repeat":"repeat","background-position":"center center","background-size":"auto","background-attachment":"scroll","background-type":"","background-media":"","overlay-type":"","overlay-color":"","overlay-opacity":"","overlay-gradient":""},"mobile":{"background-color":"","background-image":"","background-repeat":"repeat","background-position":"center center","background-size":"auto","background-attachment":"scroll","background-type":"","background-media":"","overlay-type":"","overlay-color":"","overlay-opacity":"","overlay-gradient":""}},"ast-content-background-meta":{"desktop":{"background-color":"var(--ast-global-color-5)","background-image":"","background-repeat":"repeat","background-position":"center center","background-size":"auto","background-attachment":"scroll","background-type":"","background-media":"","overlay-type":"","overlay-color":"","overlay-opacity":"","overlay-gradient":""},"tablet":{"background-color":"var(--ast-global-color-5)","background-image":"","background-repeat":"repeat","background-position":"center center","background-size":"auto","background-attachment":"scroll","background-type":"","background-media":"","overlay-type":"","overlay-color":"","overlay-opacity":"","overlay-gradient":""},"mobile":{"background-color":"var(--ast-global-color-5)","background-image":"","background-repeat":"repeat","background-position":"center center","background-size":"auto","background-attachment":"scroll","background-type":"","background-media":"","overlay-type":"","overlay-color":"","overlay-opacity":"","overlay-gradient":""}}},"product_brand":[],"product_cat":[97],"product_tag":[],"class_list":{"0":"post-366","1":"product","2":"type-product","3":"status-publish","4":"has-post-thumbnail","6":"product_cat-ombro-cotovelo","7":"desktop-align-left","8":"tablet-align-left","9":"mobile-align-left","11":"first","12":"instock","13":"shipping-taxable","14":"product-type-simple"},"_links":{"self":[{"href":"https:\/\/www.arthrom.com\/novo\/wp-json\/wp\/v2\/product\/366","targetHints":{"allow":["GET"]}}],"collection":[{"href":"https:\/\/www.arthrom.com\/novo\/wp-json\/wp\/v2\/product"}],"about":[{"href":"https:\/\/www.arthrom.com\/novo\/wp-json\/wp\/v2\/types\/product"}],"wp:featuredmedia":[{"embeddable":true,"href":"https:\/\/www.arthrom.com\/novo\/wp-json\/wp\/v2\/media\/477"}],"wp:attachment":[{"href":"https:\/\/www.arthrom.com\/novo\/wp-json\/wp\/v2\/media?parent=366"}],"wp:term":[{"taxonomy":"product_brand","embeddable":true,"href":"https:\/\/www.arthrom.com\/novo\/wp-json\/wp\/v2\/product_brand?post=366"},{"taxonomy":"product_cat","embeddable":true,"href":"https:\/\/www.arthrom.com\/novo\/wp-json\/wp\/v2\/product_cat?post=366"},{"taxonomy":"product_tag","embeddable":true,"href":"https:\/\/www.arthrom.com\/novo\/wp-json\/wp\/v2\/product_tag?post=366"}],"curies":[{"name":"wp","href":"https:\/\/api.w.org\/{rel}","templated":true}]}}