{"id":364,"date":"2025-07-23T10:20:48","date_gmt":"2025-07-23T13:20:48","guid":{"rendered":"https:\/\/www.arthrom.com\/novo\/produto\/produto\/"},"modified":"2025-08-05T10:04:16","modified_gmt":"2025-08-05T13:04:16","slug":"y-knot-rc","status":"publish","type":"product","link":"https:\/\/www.arthrom.com\/novo\/produto\/y-knot-rc\/","title":{"rendered":"Y-knot RC"},"content":{"rendered":"","protected":false},"excerpt":{"rendered":"<p>O Y-Knot\u00ae RC \u00e9 um sistema inovador de ancoragem para suturas, projetado para oferecer fixa\u00e7\u00e3o forte e t\u00e9cnica autoperfurante simplificada. Este sistema avan\u00e7a al\u00e9m das \u00e2ncoras tradicionais para reparo do manguito rotador, proporcionando maior seguran\u00e7a e efici\u00eancia. Equipado com a nova Hi-Fi\u00ae Tape e Hi-Fi\u00ae Suture, o Y-Knot\u00ae RC reduz a abras\u00e3o e o rompimento do tend\u00e3o, tornando-o uma escolha ideal para cirurgi\u00f5es ortop\u00e9dicos.<\/p>\n<p><strong>Caracter\u00edsticas T\u00e9cnicas:<\/strong><\/p>\n<ul>\n<li><strong>Design Compacto:<\/strong>\u00a0Com um di\u00e2metro de 2,8 mm, requer menos remo\u00e7\u00e3o de osso, ideal para situa\u00e7\u00f5es de espa\u00e7o limitado ou revis\u00f5es.<\/li>\n<li><strong>Constru\u00e7\u00e3o Totalmente em Sutura:<\/strong>\u00a0Menos invasivo, eliminando a possibilidade de corpos estranhos duros, mantendo a for\u00e7a de fixa\u00e7\u00e3o.<\/li>\n<li><strong>Expans\u00e3o Subcortical:<\/strong>\u00a0Expande de 2,8 mm para 5,0 mm sob o c\u00f3rtex, garantindo fixa\u00e7\u00e3o firme mesmo em ossos macios.<\/li>\n<li><strong>Tecnologia FormFit\u2122 360\u00b0:<\/strong>\u00a0Proporciona fixa\u00e7\u00e3o mais forte (575N) do que \u00e2ncoras tradicionais de 5,5 mm.<\/li>\n<\/ul>\n<p><strong>Benef\u00edcios:<\/strong><\/p>\n<ul>\n<li><strong>Simplifica\u00e7\u00e3o do Procedimento Cir\u00fargico:<\/strong>\u00a0T\u00e9cnica autoperfurante elimina etapas adicionais, como a cria\u00e7\u00e3o e localiza\u00e7\u00e3o de orif\u00edcios piloto.<\/li>\n<li><strong>Redu\u00e7\u00e3o de Danos ao Tend\u00e3o:<\/strong>\u00a0Menos abrasivo que alternativas como FiberTape, reduzindo o risco de rompimento do tend\u00e3o.<\/li>\n<li><strong>Versatilidade na Aplica\u00e7\u00e3o:<\/strong>\u00a0Adequado para reparos de manguito rotador rotineiros e revis\u00f5es, com op\u00e7\u00f5es para constru\u00e7\u00e3o em fileira simples ou dupla.<\/li>\n<\/ul>\n","protected":false},"featured_media":476,"template":"","meta":{"site-sidebar-layout":"default","site-content-layout":"","ast-site-content-layout":"default","site-content-style":"default","site-sidebar-style":"default","ast-global-header-display":"","ast-banner-title-visibility":"","ast-main-header-display":"","ast-hfb-above-header-display":"","ast-hfb-below-header-display":"","ast-hfb-mobile-header-display":"","site-post-title":"","ast-breadcrumbs-content":"","ast-featured-img":"","footer-sml-layout":"","ast-disable-related-posts":"","theme-transparent-header-meta":"default","adv-header-id-meta":"","stick-header-meta":"","header-above-stick-meta":"","header-main-stick-meta":"","header-below-stick-meta":"","astra-migrate-meta-layouts":"set","ast-page-background-enabled":"default","ast-page-background-meta":{"desktop":{"background-color":"","background-image":"","background-repeat":"repeat","background-position":"center center","background-size":"auto","background-attachment":"scroll","background-type":"","background-media":"","overlay-type":"","overlay-color":"","overlay-opacity":"","overlay-gradient":""},"tablet":{"background-color":"","background-image":"","background-repeat":"repeat","background-position":"center center","background-size":"auto","background-attachment":"scroll","background-type":"","background-media":"","overlay-type":"","overlay-color":"","overlay-opacity":"","overlay-gradient":""},"mobile":{"background-color":"","background-image":"","background-repeat":"repeat","background-position":"center center","background-size":"auto","background-attachment":"scroll","background-type":"","background-media":"","overlay-type":"","overlay-color":"","overlay-opacity":"","overlay-gradient":""}},"ast-content-background-meta":{"desktop":{"background-color":"var(--ast-global-color-5)","background-image":"","background-repeat":"repeat","background-position":"center center","background-size":"auto","background-attachment":"scroll","background-type":"","background-media":"","overlay-type":"","overlay-color":"","overlay-opacity":"","overlay-gradient":""},"tablet":{"background-color":"var(--ast-global-color-5)","background-image":"","background-repeat":"repeat","background-position":"center center","background-size":"auto","background-attachment":"scroll","background-type":"","background-media":"","overlay-type":"","overlay-color":"","overlay-opacity":"","overlay-gradient":""},"mobile":{"background-color":"var(--ast-global-color-5)","background-image":"","background-repeat":"repeat","background-position":"center center","background-size":"auto","background-attachment":"scroll","background-type":"","background-media":"","overlay-type":"","overlay-color":"","overlay-opacity":"","overlay-gradient":""}}},"product_brand":[],"product_cat":[97],"product_tag":[],"class_list":{"0":"post-364","1":"product","2":"type-product","3":"status-publish","4":"has-post-thumbnail","6":"product_cat-ombro-cotovelo","7":"desktop-align-left","8":"tablet-align-left","9":"mobile-align-left","11":"first","12":"instock","13":"shipping-taxable","14":"product-type-simple"},"_links":{"self":[{"href":"https:\/\/www.arthrom.com\/novo\/wp-json\/wp\/v2\/product\/364","targetHints":{"allow":["GET"]}}],"collection":[{"href":"https:\/\/www.arthrom.com\/novo\/wp-json\/wp\/v2\/product"}],"about":[{"href":"https:\/\/www.arthrom.com\/novo\/wp-json\/wp\/v2\/types\/product"}],"wp:featuredmedia":[{"embeddable":true,"href":"https:\/\/www.arthrom.com\/novo\/wp-json\/wp\/v2\/media\/476"}],"wp:attachment":[{"href":"https:\/\/www.arthrom.com\/novo\/wp-json\/wp\/v2\/media?parent=364"}],"wp:term":[{"taxonomy":"product_brand","embeddable":true,"href":"https:\/\/www.arthrom.com\/novo\/wp-json\/wp\/v2\/product_brand?post=364"},{"taxonomy":"product_cat","embeddable":true,"href":"https:\/\/www.arthrom.com\/novo\/wp-json\/wp\/v2\/product_cat?post=364"},{"taxonomy":"product_tag","embeddable":true,"href":"https:\/\/www.arthrom.com\/novo\/wp-json\/wp\/v2\/product_tag?post=364"}],"curies":[{"name":"wp","href":"https:\/\/api.w.org\/{rel}","templated":true}]}}